{"id":2,"date":"2024-08-22T11:35:44","date_gmt":"2024-08-22T09:35:44","guid":{"rendered":"http:\/\/cantenay-store.fr\/?page_id=2"},"modified":"2024-08-26T10:13:05","modified_gmt":"2024-08-26T08:13:05","slug":"page-d-exemple","status":"publish","type":"page","link":"https:\/\/cantenay-store.fr\/index.php\/page-d-exemple\/","title":{"rendered":"Page d\u2019exemple"},"content":{"rendered":"\n<div class=\"wp-block-group alignfull is-content-justification-center\" style=\"margin-top:0;margin-bottom:0;padding-top:calc( 0.5 * var(--wp--style--root--padding-right, var(--wp--custom--gap--horizontal)));padding-right:var(--wp--style--root--padding-right, var(--wp--custom--gap--horizontal));padding-bottom:calc( 0.5 * var(--wp--style--root--padding-right, var(--wp--custom--gap--horizontal)));padding-left:var(--wp--style--root--padding-left, var(--wp--custom--gap--horizontal))\"><div class=\"wp-block-group__inner-container is-layout-constrained wp-container-core-group-is-layout-b073b61b wp-block-group-is-layout-constrained\">\n<div style=\"height:calc( 0.25 * var(--wp--style--root--padding-right, var(--wp--custom--gap--horizontal)))\" aria-hidden=\"true\" class=\"wp-block-spacer\"><\/div>\n\n\n\n<div class=\"wp-block-group alignwide\"><div class=\"wp-block-group__inner-container is-layout-constrained wp-block-group-is-layout-constrained\">\n<h2 class=\"wp-block-heading alignfull has-text-align-left\" style=\"font-style:normal\">Les collections<\/h2>\n<\/div><\/div>\n\n\n\n<div style=\"height:var(--wp--preset--spacing--20)\" aria-hidden=\"true\" class=\"wp-block-spacer\"><\/div>\n\n\n\n<div class=\"wp-block-columns alignwide is-layout-flex wp-container-core-columns-is-layout-41e3e26a wp-block-columns-is-layout-flex\">\n<div class=\"wp-block-column is-layout-flow wp-block-column-is-layout-flow\">\n<div class=\"wp-block-group is-vertical is-layout-flex wp-container-core-group-is-layout-8cf370e7 wp-block-group-is-layout-flex\">\n<figure class=\"wp-block-image\"><img decoding=\"async\" src=\"http:\/\/cantenay-store.fr\/wp-content\/uploads\/2024\/08\/06.png\" alt=\"\" class=\"wp-image-115\"\/><\/figure>\n<\/div>\n\n\n\n<div style=\"height:4px\" aria-hidden=\"true\" class=\"wp-block-spacer\"><\/div>\n\n\n\n<div class=\"wp-block-group\"><div class=\"wp-block-group__inner-container is-layout-flow wp-block-group-is-layout-flow\">\n<h3 class=\"wp-block-heading is-service-name has-medium-font-size\" style=\"font-style:normal;font-weight:700\">SPORT<\/h3>\n<\/div><\/div>\n\n\n\n<p class=\"is-service-description\">Naviguer dans les m\u00e9andres de la vie, faire des choix qui vous ouvrent la voie vers l\u2019extraordinaire, exigeant cr\u00e9ativit\u00e9, curiosit\u00e9 et courage pour un parcours de vie vraiment gratifiant.<\/p>\n<\/div>\n\n\n\n<div class=\"wp-block-column is-layout-flow wp-block-column-is-layout-flow\">\n<figure class=\"wp-block-gallery has-nested-images columns-default is-cropped wp-block-gallery-1 is-layout-flex wp-block-gallery-is-layout-flex\">\n<figure class=\"wp-block-image size-full is-style-default\"><img decoding=\"async\" data-id=\"123\" src=\"https:\/\/cantenay-store.fr\/wp-content\/uploads\/2024\/08\/07.png\" alt=\"\" class=\"wp-image-123\" style=\"aspect-ratio:4\/3;object-fit:cover\"\/><\/figure>\n<\/figure>\n\n\n\n<div style=\"height:4px\" aria-hidden=\"true\" class=\"wp-block-spacer\"><\/div>\n\n\n\n<div class=\"wp-block-group\"><div class=\"wp-block-group__inner-container is-layout-flow wp-block-group-is-layout-flow\">\n<h3 class=\"wp-block-heading is-service-name has-medium-font-size\" style=\"font-style:normal;font-weight:700\">CANTENAY BEACH<\/h3>\n<\/div><\/div>\n\n\n\n<p class=\"is-service-description\">Naviguer dans les m\u00e9andres de la vie, faire des choix qui vous ouvrent la voie vers l\u2019extraordinaire, exigeant cr\u00e9ativit\u00e9, curiosit\u00e9 et courage pour un parcours de vie vraiment gratifiant.<\/p>\n<\/div>\n\n\n\n<div class=\"wp-block-column is-layout-flow wp-block-column-is-layout-flow\">\n<figure class=\"wp-block-image size-large\"><img decoding=\"async\" src=\"https:\/\/cantenay-store.fr\/wp-content\/plugins\/woocommerce\/assets\/images\/pattern-placeholders\/Image-table-wood-chair-stool-interior-restaurant.jpg\" alt=\"\" class=\"wp-image-13699\" style=\"aspect-ratio:4\/3;object-fit:cover\"\/><\/figure>\n\n\n\n<div style=\"height:4px\" aria-hidden=\"true\" class=\"wp-block-spacer\"><\/div>\n\n\n\n<div class=\"wp-block-group\"><div class=\"wp-block-group__inner-container is-layout-flow wp-block-group-is-layout-flow\">\n<h3 class=\"wp-block-heading is-service-name has-medium-font-size\" style=\"font-style:normal;font-weight:700\">Collection H<\/h3>\n<\/div><\/div>\n\n\n\n<p class=\"is-service-description\">Naviguer dans les m\u00e9andres de la vie, faire des choix qui vous ouvrent la voie vers l\u2019extraordinaire, exigeant cr\u00e9ativit\u00e9, curiosit\u00e9 et courage pour un parcours de vie vraiment gratifiant.<\/p>\n<\/div>\n<\/div>\n\n\n\n<div style=\"height:calc( 0.25 * var(--wp--style--root--padding-right, var(--wp--custom--gap--horizontal)))\" aria-hidden=\"true\" class=\"wp-block-spacer\"><\/div>\n<\/div><\/div>\n\n\n\n<p>Ceci est une page d\u2019exemple. C\u2019est diff\u00e9rent d\u2019un article de blog parce qu\u2019elle restera au m\u00eame endroit et appara\u00eetra dans la navigation de votre site (dans la plupart des th\u00e8mes). La plupart des gens commencent par une page \u00ab&nbsp;\u00c0 propos&nbsp;\u00bb qui les pr\u00e9sente aux personnes visitant le site. Cela pourrait ressembler \u00e0 quelque chose comme cela&nbsp;:<\/p>\n\n\n\n<blockquote class=\"wp-block-quote is-layout-flow wp-block-quote-is-layout-flow\">\n<p>Bonjour\u00a0! Je suis un m\u00e9canicien qui aspire \u00e0 devenir acteur, et voici mon site. J\u2019habite \u00e0 Bordeaux, j\u2019ai un super chien baptis\u00e9 Russell, et j\u2019aime la vodka (ainsi qu\u2019\u00eatre surpris par la pluie soudaine lors de longues balades sur la plage au coucher du soleil).<\/p>\n<\/blockquote>\n\n\n\n<p>\u2026ou quelque chose comme cela&nbsp;:<\/p>\n\n\n\n<blockquote class=\"wp-block-quote is-layout-flow wp-block-quote-is-layout-flow\">\n<p>La soci\u00e9t\u00e9 123 Machin Truc a \u00e9t\u00e9 cr\u00e9\u00e9e en 1971, et n\u2019a cess\u00e9 de proposer au public des machins-trucs de qualit\u00e9 depuis lors. Situ\u00e9e \u00e0 Saint-Remy-en-Bouzemont-Saint-Genest-et-Isson, 123 Machin Truc emploie 2 000 personnes, et fabrique toutes sortes de bidules supers pour la communaut\u00e9 bouzemontoise.<\/p>\n<\/blockquote>\n\n\n\n<p>En tant que nouvel utilisateur ou utilisatrice de WordPress, vous devriez vous rendre sur <a href=\"http:\/\/cantenay-store.fr\/wp-admin\/\">votre tableau de bord<\/a> pour supprimer cette page et cr\u00e9er de nouvelles pages pour votre contenu. Amusez-vous bien&nbsp;!<\/p>\n\n\n\n<p><\/p>\n","protected":false},"excerpt":{"rendered":"<p>Les collections SPORT Naviguer dans les m\u00e9andres de la vie, faire des choix qui vous ouvrent la voie vers l\u2019extraordinaire, exigeant cr\u00e9ativit\u00e9, curiosit\u00e9 et courage pour un parcours de vie vraiment gratifiant. CANTENAY BEACH Naviguer dans les m\u00e9andres de la vie, faire des choix qui vous ouvrent la voie vers l\u2019extraordinaire, exigeant cr\u00e9ativit\u00e9, curiosit\u00e9 et <a class=\"read-more\" href=\"https:\/\/cantenay-store.fr\/index.php\/page-d-exemple\/\">Read More<\/a><\/p>\n","protected":false},"author":1,"featured_media":0,"parent":0,"menu_order":0,"comment_status":"closed","ping_status":"open","template":"","meta":{"footnotes":""},"class_list":["post-2","page","type-page","status-publish","hentry"],"_links":{"self":[{"href":"https:\/\/cantenay-store.fr\/index.php\/wp-json\/wp\/v2\/pages\/2","targetHints":{"allow":["GET"]}}],"collection":[{"href":"https:\/\/cantenay-store.fr\/index.php\/wp-json\/wp\/v2\/pages"}],"about":[{"href":"https:\/\/cantenay-store.fr\/index.php\/wp-json\/wp\/v2\/types\/page"}],"author":[{"embeddable":true,"href":"https:\/\/cantenay-store.fr\/index.php\/wp-json\/wp\/v2\/users\/1"}],"replies":[{"embeddable":true,"href":"https:\/\/cantenay-store.fr\/index.php\/wp-json\/wp\/v2\/comments?post=2"}],"version-history":[{"count":7,"href":"https:\/\/cantenay-store.fr\/index.php\/wp-json\/wp\/v2\/pages\/2\/revisions"}],"predecessor-version":[{"id":126,"href":"https:\/\/cantenay-store.fr\/index.php\/wp-json\/wp\/v2\/pages\/2\/revisions\/126"}],"wp:attachment":[{"href":"https:\/\/cantenay-store.fr\/index.php\/wp-json\/wp\/v2\/media?parent=2"}],"curies":[{"name":"wp","href":"https:\/\/api.w.org\/{rel}","templated":true}]}}