{"id":97,"date":"2024-08-23T14:31:14","date_gmt":"2024-08-23T12:31:14","guid":{"rendered":"https:\/\/cantenay-store.fr\/?page_id=97"},"modified":"2024-08-23T14:31:14","modified_gmt":"2024-08-23T12:31:14","slug":"mentions-legales","status":"publish","type":"page","link":"https:\/\/cantenay-store.fr\/index.php\/mentions-legales\/","title":{"rendered":"Mentions legales"},"content":{"rendered":"\n<p>Soci\u00e9t\u00e9 CICCI<\/p>\n\n\n\n<ul class=\"wp-block-list\">\n<li>d\u00e9nomination sociale<\/li>\n\n\n\n<li><a href=\"https:\/\/www.economie.gouv.fr\/entreprises\/entreprise-choisir-statut-juridique\">forme juridique<\/a><\/li>\n\n\n\n<li>montant du capital social<\/li>\n\n\n\n<li>adresse du si\u00e8ge social<\/li>\n\n\n\n<li>adresse de courrier \u00e9lectronique ou num\u00e9ro de t\u00e9l\u00e9phone pour contacter votre entreprise<\/li>\n\n\n\n<li>vous devez pr\u00e9voir une page de mentions l\u00e9gales qui doit inclure des informations relatives \u00e0 l\u2019h\u00e9bergement du site (m\u00eame si le site est h\u00e9berg\u00e9 \u00e0 titre gratuit).<\/li>\n\n\n\n<li>Ces mentions portent sur :<\/li>\n\n\n\n<li>le nom de l\u2019h\u00e9bergeur<\/li>\n\n\n\n<li>la raison sociale<\/li>\n\n\n\n<li>l\u2019adresse<\/li>\n\n\n\n<li>le num\u00e9ro de t\u00e9l\u00e9phone.<\/li>\n\n\n\n<li><a href=\"https:\/\/www.economie.gouv.fr\/entreprises\/registre-commerce-societes-rcs\">num\u00e9ro d\u2019inscription au registre du commerce et des soci\u00e9t\u00e9s (RCS)<\/a>&nbsp;et au&nbsp;<a href=\"https:\/\/entreprendre.service-public.fr\/actualites\/A15855\" target=\"_blank\" rel=\"noreferrer noopener\">registre national unique des entreprises (RNE)<\/a><\/li>\n\n\n\n<li><a href=\"https:\/\/www.economie.gouv.fr\/entreprises\/activite-entreprise-numero-tva-intracommunautaire\">num\u00e9ro individuel d\u2019identification (le num\u00e9ro de TVA intracommunautaire)<\/a>&nbsp;le cas \u00e9ch\u00e9ant<\/li>\n\n\n\n<li><a href=\"https:\/\/www.economie.gouv.fr\/entreprises\/conditions-generales-vente-professionnelle\">conditions g\u00e9n\u00e9rales de vente (CGV)<\/a><\/li>\n<\/ul>\n","protected":false},"excerpt":{"rendered":"<p>Soci\u00e9t\u00e9 CICCI<\/p>\n","protected":false},"author":1,"featured_media":0,"parent":0,"menu_order":0,"comment_status":"closed","ping_status":"closed","template":"","meta":{"footnotes":""},"class_list":["post-97","page","type-page","status-publish","hentry"],"_links":{"self":[{"href":"https:\/\/cantenay-store.fr\/index.php\/wp-json\/wp\/v2\/pages\/97","targetHints":{"allow":["GET"]}}],"collection":[{"href":"https:\/\/cantenay-store.fr\/index.php\/wp-json\/wp\/v2\/pages"}],"about":[{"href":"https:\/\/cantenay-store.fr\/index.php\/wp-json\/wp\/v2\/types\/page"}],"author":[{"embeddable":true,"href":"https:\/\/cantenay-store.fr\/index.php\/wp-json\/wp\/v2\/users\/1"}],"replies":[{"embeddable":true,"href":"https:\/\/cantenay-store.fr\/index.php\/wp-json\/wp\/v2\/comments?post=97"}],"version-history":[{"count":1,"href":"https:\/\/cantenay-store.fr\/index.php\/wp-json\/wp\/v2\/pages\/97\/revisions"}],"predecessor-version":[{"id":98,"href":"https:\/\/cantenay-store.fr\/index.php\/wp-json\/wp\/v2\/pages\/97\/revisions\/98"}],"wp:attachment":[{"href":"https:\/\/cantenay-store.fr\/index.php\/wp-json\/wp\/v2\/media?parent=97"}],"curies":[{"name":"wp","href":"https:\/\/api.w.org\/{rel}","templated":true}]}}